{"id":3,"date":"2010-05-22T11:14:02","date_gmt":"2010-05-22T09:14:02","guid":{"rendered":"http:\/\/akarpsgarden.se\/?page_id=3"},"modified":"2022-11-03T14:57:23","modified_gmt":"2022-11-03T14:57:23","slug":"akarpsgarden","status":"publish","type":"page","link":"http:\/\/akarpsgarden.se\/hem\/","title":{"rendered":"\u00c5karpsg\u00e5rden"},"content":{"rendered":"<p>V\u00e4lkommen!<\/p>\n<p>\u00c5karpsg\u00e5rden \u00e4r bel\u00e4gen i den vackra mellansk\u00e5nska skogsbygden, ca 1,5 mil s\u00f6der om H\u00e4ssleholm, inte l\u00e5ngt fr\u00e5n den gamla industriorten\u00a0S\u00f6sdala.\u00a0H\u00e4r bedriver vi landskapsv\u00e5rd med angus och h\u00e4star.<br \/>\nV\u00e5r f\u00f6rhoppning och plan \u00e4r att driva g\u00e5rden med fokus p\u00e5 milj\u00f6, kulturlandskap och djurv\u00e4lf\u00e4rd.<\/p>\n<p>F\u00f6lj oss g\u00e4rna p\u00e5 <a title=\"Facebook page\" href=\"https:\/\/www.facebook.com\/\u00c5karpsg\u00e5rden-265042393526130\">Facebook <\/a>f\u00f6r att alltid f\u00e5 senaste nytt.<\/p>\n<p>\u00c5terigen varmt v\u00e4lkommen till v\u00e5r plats p\u00e5 n\u00e4tet, bes\u00f6k oss g\u00e4rna \u00e4ven i verkligheten!<br \/>\nStefan, My och Matilda<\/p>\n","protected":false},"excerpt":{"rendered":"<p>V\u00e4lkommen! \u00c5karpsg\u00e5rden \u00e4r bel\u00e4gen i den vackra mellansk\u00e5nska skogsbygden, ca 1,5 mil s\u00f6der om H\u00e4ssleholm, inte l\u00e5ngt fr\u00e5n den gamla [&hellip;]<\/p>\n","protected":false},"author":1,"featured_media":0,"parent":0,"menu_order":1,"comment_status":"open","ping_status":"open","template":"akarpsgarden-startsida.php","meta":[],"_links":{"self":[{"href":"http:\/\/akarpsgarden.se\/hem\/index.php?rest_route=\/wp\/v2\/pages\/3"}],"collection":[{"href":"http:\/\/akarpsgarden.se\/hem\/index.php?rest_route=\/wp\/v2\/pages"}],"about":[{"href":"http:\/\/akarpsgarden.se\/hem\/index.php?rest_route=\/wp\/v2\/types\/page"}],"author":[{"embeddable":true,"href":"http:\/\/akarpsgarden.se\/hem\/index.php?rest_route=\/wp\/v2\/users\/1"}],"replies":[{"embeddable":true,"href":"http:\/\/akarpsgarden.se\/hem\/index.php?rest_route=%2Fwp%2Fv2%2Fcomments&post=3"}],"version-history":[{"count":15,"href":"http:\/\/akarpsgarden.se\/hem\/index.php?rest_route=\/wp\/v2\/pages\/3\/revisions"}],"predecessor-version":[{"id":172,"href":"http:\/\/akarpsgarden.se\/hem\/index.php?rest_route=\/wp\/v2\/pages\/3\/revisions\/172"}],"wp:attachment":[{"href":"http:\/\/akarpsgarden.se\/hem\/index.php?rest_route=%2Fwp%2Fv2%2Fmedia&parent=3"}],"curies":[{"name":"wp","href":"https:\/\/api.w.org\/{rel}","templated":true}]}}